{"id":271,"date":"2018-03-06T19:29:21","date_gmt":"2018-03-06T18:29:21","guid":{"rendered":"https:\/\/hoerzu.noblogs.org\/?page_id=271"},"modified":"2019-10-10T18:43:31","modified_gmt":"2019-10-10T16:43:31","slug":"hoerzu-und-zerreissprobe","status":"publish","type":"page","link":"https:\/\/hoerzu.noblogs.org\/?page_id=271","title":{"rendered":"H\u00f6rzu und Zerrei\u00dfprobe"},"content":{"rendered":"<p><img loading=\"lazy\" decoding=\"async\" class=\"wp-image-64 aligncenter\" src=\"https:\/\/hoerzu.noblogs.org\/files\/2016\/10\/FrontCard-300x270.jpg\" alt=\"\" width=\"412\" height=\"372\" \/><\/p>\n<p>H\u00f6rzu! und Zerrei\u00dfprobe als Album bei uns als CD erh\u00e4ltlich oder als Download etwas weiter unten!<\/p>\n<p>Schreibt eine Email an:<\/p>\n<p>hoerzu (\u00e4t) riseup (punkt) net<br \/>\nmit \u201eIch will (Zahl einf\u00fcgen) CD(\u2019s)\u201c<br \/>\n+ euer Name + Adresse<br \/>\nDann kl\u00e4ren wir alles weitere mit euch und nutzen den Postweg.<\/p>\n<p>Da Musik f\u00fcr alle ist, k\u00f6nnt ihr das Album auch unten im Player h\u00f6ren und via \u201eRechtsklick\u201c und \u201eZiel Speichern\u201c das Album auch downloaden!<\/p>\n<p>Wenn es euch gef\u00e4llt k\u00f6nnt ihr uns gerne eine Spende da lassen!<\/p>\n<p><a href=\"https:\/\/www.paypal.me\/zerreissprobe\" target=\"_blank\" rel=\"noopener noreferrer\"><img loading=\"lazy\" decoding=\"async\" class=\"aligncenter wp-image-315 size-full\" src=\"https:\/\/hoerzu.noblogs.org\/files\/2018\/10\/btn_donate_LG.gif\" alt=\"\" width=\"98\" height=\"26\" \/><\/a><\/p>\n<div class=\"wp-playlist wp-audio-playlist wp-playlist-light\">\n\t\t\t<div class=\"wp-playlist-current-item\"><\/div>\n\t\t<audio controls=\"controls\" preload=\"none\" width=\"618\"\n\t\t\t><\/audio>\n\t<div class=\"wp-playlist-next\"><\/div>\n\t<div class=\"wp-playlist-prev\"><\/div>\n\t<noscript>\n\t<ol>\n\t\t<li><a href='https:\/\/hoerzu.noblogs.org\/files\/2016\/10\/Hoerzu-01Pegida-Kopie.mp3'>Pegida<\/a><\/li><li><a href='https:\/\/hoerzu.noblogs.org\/files\/2016\/10\/Hoerzu-02DerTag-Kopie.mp3'>Der Tag<\/a><\/li><li><a href='https:\/\/hoerzu.noblogs.org\/files\/2016\/10\/Hoerzu-03ItBelongsto-Kopie.mp3'>It belongs to<\/a><\/li><li><a href='https:\/\/hoerzu.noblogs.org\/files\/2016\/10\/Hoerzu-04UnsreNeueMasche-Kopie.mp3'>Unsere neue Masche<\/a><\/li><li><a href='https:\/\/hoerzu.noblogs.org\/files\/2016\/10\/Hoerzu-05Ohrwurm-Kopie.mp3'>Ohrwurm<\/a><\/li><li><a href='https:\/\/hoerzu.noblogs.org\/files\/2016\/10\/Hoerzu-06Robodanger-Kopie.mp3'>Robodanger<\/a><\/li><li><a href='https:\/\/hoerzu.noblogs.org\/files\/2016\/10\/Hoerzu-07Stra\u0192enmusiksong-Kopie.mp3'>Stra\u00dfenmusiksong<\/a><\/li><li><a href='https:\/\/hoerzu.noblogs.org\/files\/2016\/10\/Hoerzu-08WasIchMag-Kopie.mp3'>Was ich mag!<\/a><\/li><li><a href='https:\/\/hoerzu.noblogs.org\/files\/2016\/10\/Hoerzu-09EnoughisEnough.mp3'>Enough is enough<\/a><\/li><li><a href='https:\/\/hoerzu.noblogs.org\/files\/2016\/10\/Hoerzu-10Egal.mp3'>Egal<\/a><\/li><li><a href='https:\/\/hoerzu.noblogs.org\/files\/2016\/10\/Hoerzu-11Frida.mp3'>Frida<\/a><\/li><li><a href='https:\/\/hoerzu.noblogs.org\/files\/2016\/10\/Hoerzu-12DerBrauneTon.mp3'>Der braune Ton<\/a><\/li><li><a href='https:\/\/hoerzu.noblogs.org\/files\/2016\/10\/Hoerzu-13EyOma.mp3'>Ey Oma<\/a><\/li><li><a href='https:\/\/hoerzu.noblogs.org\/files\/2016\/10\/Hoerzu-14GuteLauneErfinder.mp3'>Der Gute-Laune-Erfinder<\/a><\/li><li><a href='https:\/\/hoerzu.noblogs.org\/files\/2016\/10\/Hoerzu-15ImmerWieder.mp3'>Immer wieder<\/a><\/li>\t<\/ol>\n\t<\/noscript>\n\t<script type=\"application\/json\" class=\"wp-playlist-script\">{\"type\":\"audio\",\"tracklist\":true,\"tracknumbers\":true,\"images\":true,\"artists\":false,\"tracks\":[{\"src\":\"https:\/\/hoerzu.noblogs.org\/files\/2016\/10\/Hoerzu-01Pegida-Kopie.mp3\",\"type\":\"audio\/mpeg\",\"title\":\"Pegida\",\"caption\":\"\",\"description\":\"Pegida\",\"meta\":{\"artist\":\"Zerrei\\u00dfprobe\",\"album\":\"H\\u00f6rzu! und Zerrei\\u00dfprobe\",\"length_formatted\":\"5:39\"},\"image\":{\"src\":\"https:\/\/hoerzu.noblogs.org\/wp-includes\/images\/media\/audio.svg\",\"width\":48,\"height\":64},\"thumb\":{\"src\":\"https:\/\/hoerzu.noblogs.org\/wp-includes\/images\/media\/audio.svg\",\"width\":48,\"height\":64}},{\"src\":\"https:\/\/hoerzu.noblogs.org\/files\/2016\/10\/Hoerzu-02DerTag-Kopie.mp3\",\"type\":\"audio\/mpeg\",\"title\":\"Der Tag\",\"caption\":\"\",\"description\":\"\\\"hoerzu-02dertag-kopie\\\".\",\"meta\":{\"artist\":\"Zerrei\\u00dfprobe\",\"album\":\"H\\u00f6rzu! und Zerrei\\u00dfprobe\",\"length_formatted\":\"6:18\"},\"image\":{\"src\":\"https:\/\/hoerzu.noblogs.org\/wp-includes\/images\/media\/audio.svg\",\"width\":48,\"height\":64},\"thumb\":{\"src\":\"https:\/\/hoerzu.noblogs.org\/wp-includes\/images\/media\/audio.svg\",\"width\":48,\"height\":64}},{\"src\":\"https:\/\/hoerzu.noblogs.org\/files\/2016\/10\/Hoerzu-03ItBelongsto-Kopie.mp3\",\"type\":\"audio\/mpeg\",\"title\":\"It belongs to\",\"caption\":\"\",\"description\":\"\\\"hoerzu-03itbelongsto-kopie\\\".\",\"meta\":{\"artist\":\"Zerrei\\u00dfprobe\",\"album\":\"H\\u00f6rzu! und Zerrei\\u00dfprobe\",\"length_formatted\":\"4:31\"},\"image\":{\"src\":\"https:\/\/hoerzu.noblogs.org\/wp-includes\/images\/media\/audio.svg\",\"width\":48,\"height\":64},\"thumb\":{\"src\":\"https:\/\/hoerzu.noblogs.org\/wp-includes\/images\/media\/audio.svg\",\"width\":48,\"height\":64}},{\"src\":\"https:\/\/hoerzu.noblogs.org\/files\/2016\/10\/Hoerzu-04UnsreNeueMasche-Kopie.mp3\",\"type\":\"audio\/mpeg\",\"title\":\"Unsere neue Masche\",\"caption\":\"\",\"description\":\"\\\"hoerzu-04unsreneuemasche-kopie\\\".\",\"meta\":{\"artist\":\"H\\u00f6rzu!\",\"album\":\"H\\u00f6rzu! und Zerrei\\u00dfprobe\",\"length_formatted\":\"3:53\"},\"image\":{\"src\":\"https:\/\/hoerzu.noblogs.org\/wp-includes\/images\/media\/audio.svg\",\"width\":48,\"height\":64},\"thumb\":{\"src\":\"https:\/\/hoerzu.noblogs.org\/wp-includes\/images\/media\/audio.svg\",\"width\":48,\"height\":64}},{\"src\":\"https:\/\/hoerzu.noblogs.org\/files\/2016\/10\/Hoerzu-05Ohrwurm-Kopie.mp3\",\"type\":\"audio\/mpeg\",\"title\":\"Ohrwurm\",\"caption\":\"\",\"description\":\"\\\"hoerzu-05ohrwurm-kopie\\\".\",\"meta\":{\"artist\":\"H\\u00f6rzu!\",\"album\":\"H\\u00f6rzu! und Zerrei\\u00dfprobe\",\"length_formatted\":\"3:54\"},\"image\":{\"src\":\"https:\/\/hoerzu.noblogs.org\/wp-includes\/images\/media\/audio.svg\",\"width\":48,\"height\":64},\"thumb\":{\"src\":\"https:\/\/hoerzu.noblogs.org\/wp-includes\/images\/media\/audio.svg\",\"width\":48,\"height\":64}},{\"src\":\"https:\/\/hoerzu.noblogs.org\/files\/2016\/10\/Hoerzu-06Robodanger-Kopie.mp3\",\"type\":\"audio\/mpeg\",\"title\":\"Robodanger\",\"caption\":\"\",\"description\":\"\\\"hoerzu-06robodanger-kopie\\\".\",\"meta\":{\"artist\":\"Zerrei\\u00dfprobe\",\"album\":\"H\\u00f6rzu! und Zerrei\\u00dfprobe\",\"length_formatted\":\"4:46\"},\"image\":{\"src\":\"https:\/\/hoerzu.noblogs.org\/wp-includes\/images\/media\/audio.svg\",\"width\":48,\"height\":64},\"thumb\":{\"src\":\"https:\/\/hoerzu.noblogs.org\/wp-includes\/images\/media\/audio.svg\",\"width\":48,\"height\":64}},{\"src\":\"https:\/\/hoerzu.noblogs.org\/files\/2016\/10\/Hoerzu-07Stra\\u0192enmusiksong-Kopie.mp3\",\"type\":\"audio\/mpeg\",\"title\":\"Stra\\u00dfenmusiksong\",\"caption\":\"\",\"description\":\"\\\"hoerzu-07stra%c6%92enmusiksong-kopie\\\".\",\"meta\":{\"artist\":\"H\\u00f6rzu!\",\"album\":\"H\\u00f6rzu! und Zerrei\\u00dfprobe\",\"length_formatted\":\"4:42\"},\"image\":{\"src\":\"https:\/\/hoerzu.noblogs.org\/wp-includes\/images\/media\/audio.svg\",\"width\":48,\"height\":64},\"thumb\":{\"src\":\"https:\/\/hoerzu.noblogs.org\/wp-includes\/images\/media\/audio.svg\",\"width\":48,\"height\":64}},{\"src\":\"https:\/\/hoerzu.noblogs.org\/files\/2016\/10\/Hoerzu-08WasIchMag-Kopie.mp3\",\"type\":\"audio\/mpeg\",\"title\":\"Was ich mag!\",\"caption\":\"\",\"description\":\"\\\"hoerzu-08wasichmag-kopie\\\".\",\"meta\":{\"artist\":\"H\\u00f6rzu!\",\"album\":\"H\\u00f6rzu! und Zerrei\\u00dfprobe\",\"length_formatted\":\"3:16\"},\"image\":{\"src\":\"https:\/\/hoerzu.noblogs.org\/wp-includes\/images\/media\/audio.svg\",\"width\":48,\"height\":64},\"thumb\":{\"src\":\"https:\/\/hoerzu.noblogs.org\/wp-includes\/images\/media\/audio.svg\",\"width\":48,\"height\":64}},{\"src\":\"https:\/\/hoerzu.noblogs.org\/files\/2016\/10\/Hoerzu-09EnoughisEnough.mp3\",\"type\":\"audio\/mpeg\",\"title\":\"Enough is enough\",\"caption\":\"\",\"description\":\"\\\"hoerzu-09enoughisenough\\\".\",\"meta\":{\"artist\":\"Zerrei\\u00dfprobe\",\"album\":\"H\\u00f6rzu! und Zerrei\\u00dfprobe\",\"length_formatted\":\"4:07\"},\"image\":{\"src\":\"https:\/\/hoerzu.noblogs.org\/wp-includes\/images\/media\/audio.svg\",\"width\":48,\"height\":64},\"thumb\":{\"src\":\"https:\/\/hoerzu.noblogs.org\/wp-includes\/images\/media\/audio.svg\",\"width\":48,\"height\":64}},{\"src\":\"https:\/\/hoerzu.noblogs.org\/files\/2016\/10\/Hoerzu-10Egal.mp3\",\"type\":\"audio\/mpeg\",\"title\":\"Egal\",\"caption\":\"\",\"description\":\"\\\"hoerzu-10egal\\\".\",\"meta\":{\"artist\":\"Zerrei\\u00dfprobe\",\"album\":\"H\\u00f6rzu! und Zerrei\\u00dfprobe\",\"length_formatted\":\"4:37\"},\"image\":{\"src\":\"https:\/\/hoerzu.noblogs.org\/wp-includes\/images\/media\/audio.svg\",\"width\":48,\"height\":64},\"thumb\":{\"src\":\"https:\/\/hoerzu.noblogs.org\/wp-includes\/images\/media\/audio.svg\",\"width\":48,\"height\":64}},{\"src\":\"https:\/\/hoerzu.noblogs.org\/files\/2016\/10\/Hoerzu-11Frida.mp3\",\"type\":\"audio\/mpeg\",\"title\":\"Frida\",\"caption\":\"\",\"description\":\"\\\"hoerzu-11frida\\\".\",\"meta\":{\"artist\":\"Zerrei\\u00dfprobe\",\"album\":\"H\\u00f6rzu! und Zerrei\\u00dfprobe\",\"length_formatted\":\"4:47\"},\"image\":{\"src\":\"https:\/\/hoerzu.noblogs.org\/wp-includes\/images\/media\/audio.svg\",\"width\":48,\"height\":64},\"thumb\":{\"src\":\"https:\/\/hoerzu.noblogs.org\/wp-includes\/images\/media\/audio.svg\",\"width\":48,\"height\":64}},{\"src\":\"https:\/\/hoerzu.noblogs.org\/files\/2016\/10\/Hoerzu-12DerBrauneTon.mp3\",\"type\":\"audio\/mpeg\",\"title\":\"Der braune Ton\",\"caption\":\"\",\"description\":\"\\\"hoerzu-12derbrauneton\\\".\",\"meta\":{\"artist\":\"H\\u00f6rzu!\",\"album\":\"H\\u00f6rzu! und Zerrei\\u00dfprobe\",\"length_formatted\":\"5:10\"},\"image\":{\"src\":\"https:\/\/hoerzu.noblogs.org\/wp-includes\/images\/media\/audio.svg\",\"width\":48,\"height\":64},\"thumb\":{\"src\":\"https:\/\/hoerzu.noblogs.org\/wp-includes\/images\/media\/audio.svg\",\"width\":48,\"height\":64}},{\"src\":\"https:\/\/hoerzu.noblogs.org\/files\/2016\/10\/Hoerzu-13EyOma.mp3\",\"type\":\"audio\/mpeg\",\"title\":\"Ey Oma\",\"caption\":\"\",\"description\":\"\\\"hoerzu-13eyoma\\\".\",\"meta\":{\"artist\":\"H\\u00f6rzu!\",\"album\":\"H\\u00f6rzu! und Zerrei\\u00dfprobe\",\"length_formatted\":\"3:15\"},\"image\":{\"src\":\"https:\/\/hoerzu.noblogs.org\/wp-includes\/images\/media\/audio.svg\",\"width\":48,\"height\":64},\"thumb\":{\"src\":\"https:\/\/hoerzu.noblogs.org\/wp-includes\/images\/media\/audio.svg\",\"width\":48,\"height\":64}},{\"src\":\"https:\/\/hoerzu.noblogs.org\/files\/2016\/10\/Hoerzu-14GuteLauneErfinder.mp3\",\"type\":\"audio\/mpeg\",\"title\":\"Der Gute-Laune-Erfinder\",\"caption\":\"\",\"description\":\"\\\"hoerzu-14gutelauneerfinder\\\".\",\"meta\":{\"artist\":\"H\\u00f6rzu!\",\"album\":\"H\\u00f6rzu! und Zerrei\\u00dfprobe\",\"length_formatted\":\"3:05\"},\"image\":{\"src\":\"https:\/\/hoerzu.noblogs.org\/wp-includes\/images\/media\/audio.svg\",\"width\":48,\"height\":64},\"thumb\":{\"src\":\"https:\/\/hoerzu.noblogs.org\/wp-includes\/images\/media\/audio.svg\",\"width\":48,\"height\":64}},{\"src\":\"https:\/\/hoerzu.noblogs.org\/files\/2016\/10\/Hoerzu-15ImmerWieder.mp3\",\"type\":\"audio\/mpeg\",\"title\":\"Immer wieder\",\"caption\":\"\",\"description\":\"Immer wieder\",\"meta\":{\"artist\":\"H\\u00f6rzu!\",\"album\":\"H\\u00f6rzu! und Zerrei\\u00dfprobe\",\"length_formatted\":\"4:53\"},\"image\":{\"src\":\"https:\/\/hoerzu.noblogs.org\/wp-includes\/images\/media\/audio.svg\",\"width\":48,\"height\":64},\"thumb\":{\"src\":\"https:\/\/hoerzu.noblogs.org\/wp-includes\/images\/media\/audio.svg\",\"width\":48,\"height\":64}}]}<\/script>\n<\/div>\n\t\n<p>&nbsp;<\/p>\n<p><em>( Danke an Niklas vom no*border Soundsystem<br \/>\n<\/em><\/p>\n","protected":false},"excerpt":{"rendered":"<p>H\u00f6rzu! und Zerrei\u00dfprobe als Album bei uns als CD erh\u00e4ltlich oder als Download etwas weiter unten! Schreibt eine Email an: hoerzu (\u00e4t) riseup (punkt) net mit \u201eIch will (Zahl einf\u00fcgen) CD(\u2019s)\u201c + euer Name + Adresse Dann kl\u00e4ren wir alles &hellip; <a href=\"https:\/\/hoerzu.noblogs.org\/?page_id=271\">Weiterlesen <span class=\"meta-nav\">&rarr;<\/span><\/a><\/p>\n","protected":false},"author":10002,"featured_media":0,"parent":11,"menu_order":1,"comment_status":"closed","ping_status":"closed","template":"","meta":{"footnotes":""},"class_list":["post-271","page","type-page","status-publish","hentry"],"_links":{"self":[{"href":"https:\/\/hoerzu.noblogs.org\/index.php?rest_route=\/wp\/v2\/pages\/271","targetHints":{"allow":["GET"]}}],"collection":[{"href":"https:\/\/hoerzu.noblogs.org\/index.php?rest_route=\/wp\/v2\/pages"}],"about":[{"href":"https:\/\/hoerzu.noblogs.org\/index.php?rest_route=\/wp\/v2\/types\/page"}],"author":[{"embeddable":true,"href":"https:\/\/hoerzu.noblogs.org\/index.php?rest_route=\/wp\/v2\/users\/10002"}],"replies":[{"embeddable":true,"href":"https:\/\/hoerzu.noblogs.org\/index.php?rest_route=%2Fwp%2Fv2%2Fcomments&post=271"}],"version-history":[{"count":12,"href":"https:\/\/hoerzu.noblogs.org\/index.php?rest_route=\/wp\/v2\/pages\/271\/revisions"}],"predecessor-version":[{"id":440,"href":"https:\/\/hoerzu.noblogs.org\/index.php?rest_route=\/wp\/v2\/pages\/271\/revisions\/440"}],"up":[{"embeddable":true,"href":"https:\/\/hoerzu.noblogs.org\/index.php?rest_route=\/wp\/v2\/pages\/11"}],"wp:attachment":[{"href":"https:\/\/hoerzu.noblogs.org\/index.php?rest_route=%2Fwp%2Fv2%2Fmedia&parent=271"}],"curies":[{"name":"wp","href":"https:\/\/api.w.org\/{rel}","templated":true}]}}